{"id":206,"date":"2024-05-18T09:23:32","date_gmt":"2024-05-18T09:23:32","guid":{"rendered":"https:\/\/thinhphatland.vn\/?page_id=206"},"modified":"2024-05-21T05:23:03","modified_gmt":"2024-05-21T05:23:03","slug":"tu-van-thiet-ke-xay-dung","status":"publish","type":"page","link":"https:\/\/thinhphatland.vn\/index.php\/xay-dung\/tu-van-thiet-ke-xay-dung\/","title":{"rendered":"T\u01b0 V\u1ea5n Thi\u1ebft K\u1ebf X\u00e2y D\u1ef1ng"},"content":{"rendered":"\n<h2><span data-text-color=\"secondary\">1. T\u01b0 v\u1ea5n thi\u1ebft k\u1ebf x\u00e2y d\u1ef1ng<\/span><\/h2>\n<ul>\n<li>\u0110\u1ea7u ti\u00ean khi \u0111\u1ec3 x\u00e2y d\u1ef1ng m\u1ed9t c\u0103n nh\u00e0 th\u00ec t\u01b0 v\u1ea5n l\u00e0 h\u00e0nh \u0111\u1ed9ng \u0111\u1ea7u ti\u1ec1n m\u00e0 ch\u1ee7 nh\u00e0 c\u1ea7n ph\u1ea3i l\u00e0m. Ch\u00fang ta c\u00f3 th\u1ec3 h\u1ecfi m\u1ecdi ng\u01b0\u1eddi xung quanh, ng\u01b0\u1eddi th\u00e2n hay b\u1ea1n b\u00e8 l\u00e0m trong ngh\u1ec1 x\u00e2y d\u1ef1ng \u0111\u1ec3 c\u00f3 th\u1ec3 \u0111\u01b0a ra ph\u01b0\u01a1ng \u00e1n t\u1ed1t nh\u1ea5t. Ho\u1ea1t \u0111\u1ed9ng \u201c t\u01b0 v\u1ea5n\u2019\u2019 mang t\u00ednh ch\u1ea5t quy\u1ebft \u0111\u1ecbnh t\u01b0\u01a1ng lai, c\u00e1c ki\u1ebfn tr\u00fac s\u01b0 th\u01b0\u1eddng \u0111\u01b0a ra nh\u1eefng ph\u01b0\u01a1ng \u00e1n ph\u00f9 h\u1ee3p v\u1edbi nh\u1eefng ti\u00eau ch\u00ed m\u00e0 ch\u1ee7 nh\u00e0 cung c\u1ea5p th\u00f4ng tin v\u00e0 d\u1eef li\u1ec7u c\u1ea7n thi\u1ebft.<\/li>\n<li>T\u1eeb nh\u1eefng d\u1eef li\u1ec7u v\u00e0 th\u00f4ng tin tr\u00ean c\u00e1c k\u0129 s\u01b0 ho\u1eb7c ki\u1ebfn tr\u00fac s\u01b0 t\u00ednh to\u00e1n l\u00e0m sao \u0111\u1ea3m b\u1ea3o v\u1ec1 c\u00e1c ti\u00eau chu\u1ea9n v\u1ec1 t\u00ednh th\u1ea9m m\u1ef9, t\u00ednh b\u1ec1n v\u1eefng, thi\u1ebft c\u00f4ng c\u00f4ng n\u0103ng v\u00e0 b\u1ed1i c\u1ea3nh xung quanh ng\u00f4i nh\u00e0.<\/li>\n<li>C\u00f2n v\u1ec1 thi\u1ebft k\u1ebf x\u00e2y d\u1ef1ng \u0111\u00f3 l\u00e0 c\u00e1ch m\u00e0 ki\u1ebfn tr\u00fac s\u01b0 v\u00e0 k\u0129 s\u01b0 \u0111\u01b0a ra b\u1ea3n v\u1ebd v\u00e0 m\u00f4 h\u00ecnh 3D v\u1ec1 k\u1ebft c\u1ea5u v\u00e0 ph\u1ed1i c\u1ea3nh ng\u00f4i nh\u00e0 th\u1ec3 hi\u1ec7n m\u1ed9t c\u00e1c th\u1ef1c t\u1ebf nh\u1ea5t \u0111\u1ec3 cho ng\u01b0\u1eddi xem c\u00f3 th\u1ec3 d\u1ec5 d\u00e0ng h\u00ecnh dung cho ng\u00f4i nh\u00e0 t\u01b0\u01a1ng lai c\u1ee7a m\u00ecnh. C\u0103n nh\u00e0 c\u00f3 \u0111\u1eb9p hay kh\u00f4ng l\u00e0 do kinh nghi\u1ec7m v\u00e0 t\u01b0 duy s\u00e1ng t\u1ea1o c\u1ee7a ki\u1ebfn tr\u00fac s\u01b0.<\/li>\n<li>T\u00f3m l\u1ea1i<strong>t\u01b0 v\u1ea5n thi\u1ebft k\u1ebf x\u00e2y d\u1ef1ng<\/strong>\u00a0l\u00e0 2 giai \u0111o\u1ea1n b\u1eaft \u0111\u1ea7u c\u1ee7a vi\u1ec7c x\u00e2y d\u1ef1ng ng\u00f4i nh\u00e0. Ti\u1ebfp theo ch\u00fang ta \u0111i v\u00e0o t\u00ecm hi\u1ec3u chi ti\u1ebft c\u1ee7a vi\u1ec7c<strong>\u00a0t\u01b0 v\u1ea5n thi\u1ebft k\u1ebf x\u00e2y d\u1ef1ng<\/strong>\u00a0v\u00e0 xem nh\u1eefng l\u1ee3i \u00edch c\u1ee7a n\u00f3 \u0111em l\u1ea1i .<\/li>\n<\/ul>\n<figure id=\"attachment_244\" aria-describedby=\"caption-attachment-244\" style=\"width: 1020px\" class=\"wp-caption aligncenter\"><img loading=\"lazy\" decoding=\"async\" class=\"wp-image-244 size-large\" src=\"https:\/\/thinhphatland.vn\/wp-content\/uploads\/2024\/05\/thiet-ke-xay-dung-1024x682.jpg\" alt=\"Thi\u1ebft k\u1ebf x\u00e2y d\u1ef1ng nh\u00e0\" width=\"1020\" height=\"679\" srcset=\"https:\/\/thinhphatland.vn\/wp-content\/uploads\/2024\/05\/thiet-ke-xay-dung-1024x682.jpg 1024w, https:\/\/thinhphatland.vn\/wp-content\/uploads\/2024\/05\/thiet-ke-xay-dung-300x200.jpg 300w, https:\/\/thinhphatland.vn\/wp-content\/uploads\/2024\/05\/thiet-ke-xay-dung-768x512.jpg 768w, https:\/\/thinhphatland.vn\/wp-content\/uploads\/2024\/05\/thiet-ke-xay-dung-1536x1023.jpg 1536w, https:\/\/thinhphatland.vn\/wp-content\/uploads\/2024\/05\/thiet-ke-xay-dung.jpg 1600w\" sizes=\"auto, (max-width: 1020px) 100vw, 1020px\" \/><figcaption id=\"caption-attachment-244\" class=\"wp-caption-text\">T\u01b0 v\u1ea5n thi\u1ebft k\u1ebf x\u00e2y d\u1ef1ng<\/figcaption><\/figure>\n<h2><span data-text-color=\"secondary\">2 D\u1ecbch v\u1ee5 t\u01b0 v\u1ea5n thi\u1ebft k\u1ebf g\u1ed3m c\u00e1c m\u1ee5c n\u00e0o<\/span><\/h2>\n<p>B1: \u00a0Ki\u1ebfn tr\u00fac s\u01b0 c\u1ea7n thu th\u1eadp th\u00f4ng tin t\u1eeb \u0111\u1ecba h\u00ecnh, k\u00edch th\u01b0\u1edbc khu \u0111\u1ea5t, th\u1eddi gian b\u1eaft \u0111\u1ea7u thi c\u00f4ng v\u00e0 k\u1ebft th\u00fac d\u1ef1 \u00e1n \u0111\u1ec3 \u0111\u1ecbnh h\u00ecnh v\u1ec1 khu v\u1ef1c l\u00e0m vi\u1ec7c.<\/p>\n<p>B2: Ti\u1ebfp nh\u1eadn c\u00e1c y\u00eau c\u1ea7u c\u1ee7a kh\u00e1c h\u00e0ng v\u1ec1 lo\u1ea1i nh\u00e0, b\u1ed1 tr\u00ed c\u00f4ng n\u0103ng, d\u1ecbch v\u1ee5 s\u1eed d\u1ee5ng, h\u01b0\u1edbng nh\u00e0, b\u1ed1 tr\u00ed s\u00e2n v\u01b0\u1eddn, b\u1ed1i c\u1ea3nh xung quanh nh\u00e0, s\u1eed d\u1ee5ng c\u00e1c thi\u1ebft b\u1ecb v\u00e0 v\u1eadt t\u01b0 ph\u00f9 h\u1ee3p v\u1edbi kinh ph\u00ed ch\u1ee7 nh\u00e0.<\/p>\n<p>B3: Ki\u1ec3n tr\u00fac s\u01b0 t\u01b0 v\u1ea5n cho ch\u1ee7 nh\u00e0 v\u1ec1 c\u00e1c d\u1ea1ng nh\u00e0, c\u00e1ch b\u1ed1 tr\u00ed v\u00e0 \u0111\u01b0a ra \u00fd ki\u1ebfn v\u1ec1 c\u0103n nh\u00e0 cho m\u1ecdi ng\u01b0\u1eddi tham kh\u1ea3o.<\/p>\n<p>B4: Sau khi t\u00f3m t\u1eaft l\u1ea1i kh\u00e1ch h\u00e0ng ch\u1ed1t ph\u01b0\u01a1ng \u00e1n th\u00ec ki\u1ebfn tr\u00fac s\u01b0 b\u1eb1ng s\u1ef1 t\u01b0 duy s\u00e1ng t\u1ea1o, kinh nghi\u1ec7m s\u1ebd thi\u1ebft k\u1ebf b\u1ea3n v\u1ebd v\u00e0 th\u1ec3 hi\u1ec7n ph\u1ed1i c\u1ea3nh 3D th\u1ef1c t\u1ebf c\u0103n nh\u00e0.<\/p>\n<h2><span data-text-color=\"secondary\">3 Nh\u1eefng y\u00eau c\u1ea7u m\u00e0 d\u1ecbch v\u1ee5 t\u01b0 v\u1ea5n v\u00e0 thi\u1ebft k\u1ebf x\u00e2y d\u1ee5ng c\u1ea7n c\u00f3<\/span><\/h2>\n<figure id=\"attachment_242\" aria-describedby=\"caption-attachment-242\" style=\"width: 1024px\" class=\"wp-caption aligncenter\"><img loading=\"lazy\" decoding=\"async\" class=\"wp-image-242 size-full\" src=\"https:\/\/thinhphatland.vn\/wp-content\/uploads\/2024\/05\/ban-thiet-ke-xay-dung-nha.jpg\" alt=\"\" width=\"1024\" height=\"768\" srcset=\"https:\/\/thinhphatland.vn\/wp-content\/uploads\/2024\/05\/ban-thiet-ke-xay-dung-nha.jpg 1024w, https:\/\/thinhphatland.vn\/wp-content\/uploads\/2024\/05\/ban-thiet-ke-xay-dung-nha-300x225.jpg 300w, https:\/\/thinhphatland.vn\/wp-content\/uploads\/2024\/05\/ban-thiet-ke-xay-dung-nha-768x576.jpg 768w\" sizes=\"auto, (max-width: 1024px) 100vw, 1024px\" \/><figcaption id=\"caption-attachment-242\" class=\"wp-caption-text\">Nh\u1eefng y\u00eau c\u1ea7u m\u00e0 d\u1ecbch v\u1ee5 t\u01b0 v\u1ea5n v\u00e0 thi\u1ebft k\u1ebf x\u00e2y d\u1ee5ng c\u1ea7n c\u00f3<\/figcaption><\/figure>\n<h3><span data-text-color=\"primary\">3.1 T\u00ednh th\u1ea9m m\u1ef9<\/span><\/h3>\n<p>\u0110\u00e2y l\u00e0 y\u00eau t\u1ed1 c\u1ef1c k\u00ec quan tr\u1ecdng t\u1ea1o n\u00ean v\u1ebb \u0111\u1eb9p v\u00e0 h\u00ecnh th\u1ee9c c\u1ee7a ng\u00f4i nh\u00e0. M\u1ed9t c\u0103n nh\u00e0 c\u00f3 t\u00ednh th\u1ea9m m\u0129 t\u1ed1t l\u00e0 c\u0103n nh\u00e0 c\u00f3 v\u1ebb \u0111\u1eb9p theo xu h\u01b0\u1edbng, s\u1ef1 k\u1ebft h\u1ee3p gi\u1eefa m\u00e0u s\u1eafc h\u00e0i h\u00f2a, b\u1ed1i c\u1ea3nh \u0111\u01b0\u1ee3c s\u1eafp x\u1ebfp b\u1ed1 c\u1ee5c, h\u1ee3p l\u00fd.<\/p>\n<p>T\u00ednh th\u1ea9m m\u0129 c\u00f2n th\u1ec3 hi\u1ec7n s\u1ef1 y\u00eau th\u00edch c\u1ee7a nhi\u1ec1u ng\u01b0\u1eddi c\u1ea3m nh\u1eadn v\u1ec1 ng\u00f4i nh\u00e0 v\u00e0 gi\u00e1 tr\u1ecb khi x\u00e2y n\u00ean c\u0103n nh\u00e0. V\u00e0 \u0111\u1eb7c bi\u1ec7t l\u00e0 s\u1edf th\u00edch c\u1ee7a gia ch\u1ee7 c\u00f3 \u0111\u00fang nh\u01b0 \u00fd hay kh\u00f4ng.<\/p>\n<p>V\u00e0\u00a0<strong>t\u01b0 v\u1ea5n thi\u1ebft k\u1ebf x\u00e2y d\u1ef1ng<\/strong>\u00a0s\u1ebd gi\u00fap b\u1ea1n c\u00f3 m\u1ed9t ng\u00f4i nh\u00e0, \u0111\u1ea7y \u0111\u1ee7 ti\u1ec7n nghi, hi\u1ec7n \u0111\u1ea1i, sang tr\u1ecdng.<\/p>\n<h4><span data-text-color=\"primary\">3.1.1 M\u1ed9t s\u1ed1 y\u1ebfu t\u1ed1 t\u1ea1o n\u00ean v\u1ebb \u0111\u1eb9p ngo\u1ea1i th\u1ea5t c\u1ee7a c\u0103n nh\u00e0<\/span><\/h4>\n<ul>\n<li>Phong c\u00e1ch c\u1ee7a ng\u00f4i nh\u00e0: \u0111\u00e2y l\u00e0 y\u00eau t\u1ed1 ph\u00f9 h\u1ee3p v\u1edbi t\u1eebng \u0111\u1ed1i t\u01b0\u1ee3ng, chi ph\u00ed c\u1ee7a gia ch\u1ee7. M\u1ed9t s\u1ed1 phong c\u00e1ch ki\u1ebfn tr\u00fac c\u1ee7a ng\u00f4i nh\u00e0 ph\u1ed5 bi\u1ebfn: hi\u1ec7n \u0111\u1ea1i, t\u00e2n c\u1ed5 \u0111i\u1ec3n, c\u1ed5 \u0111i\u1ec3n.<\/li>\n<li>C\u00e2n b\u1eb1ng v\u00e0 \u0111\u1ed1i x\u1ee9ng: l\u00e0 s\u1ef1 c\u00e2n \u0111\u1ed1i c\u1ee7a c\u00e1c k\u1ebft c\u1ea5u trong ki\u1ebfn tr\u00fac ng\u00f4i nh\u00e0, c\u00e2n x\u1ee9ng v\u1ec1 m\u00e0u s\u1eafc c\u1ee7a ng\u00f4i nh\u00e0<\/li>\n<li>S\u1eed d\u1ee5ng c\u00e1c lo\u1ea1i v\u1eadt li\u1ec7u c\u00f3 t\u00ednh th\u1ea9m m\u0129 cao, b\u1ec1n, \u0111\u1eb9p theo th\u1eddi gian<\/li>\n<li>L\u1ef1a ch\u1ecdn thi\u1ebft k\u1ebf m\u00e1i nh\u00e0 \u0111\u1eb9p theo xu h\u01b0\u1edbng, ph\u00f9 h\u1ee3p v\u1edbi kh\u00f4ng gian xung quanh<\/li>\n<li>L\u1ef1a ch\u1ecdn m\u00e0u s\u01a1n ph\u00f9 h\u1ee3p c\u0169ng l\u00e0 v\u1ea5n \u0111\u1ec1 \u0111\u00f2i h\u1ecfi s\u1ef1 tinh t\u1ebf t\u1ec9 m\u1ec9 v\u00e0 s\u00e1ng t\u1ea1o n\u1ebfu ch\u1ecdn sai m\u00e0u s\u1ebd \u1ea3nh h\u01b0\u1edfng r\u1ea5t l\u1edbn \u0111\u1ebfn ng\u00f4i nh\u00e0 d\u1eabn \u0111\u1ebfn m\u1ea5t th\u1ea9m m\u1ef9<\/li>\n<\/ul>\n<h4><span data-text-color=\"primary\">3.1.2 M\u1ed9t s\u1ed1 y\u00eau t\u1ed1 t\u1ea1o n\u00ean v\u1ebb \u0111\u1eb9p n\u1ed9i th\u1ea5t c\u0103n nh\u00e0:\u00a0<\/span><\/h4>\n<p>Vi\u1ec7c quan tr\u1ecdng nh\u1ea5t l\u00e0 n\u1ed9i th\u1ea5t ph\u1ea3i \u0111\u1ed3ng b\u1ed9 v\u1edbi ngo\u1ea1i th\u1ea5t th\u00ec m\u1edbi t\u1ea1o n\u00ean s\u1ef1 \u0111\u00f4ng b\u1ed9 c\u1ee7a c\u0103n nh\u00e0. Ngo\u00e0i ra v\u1ebb \u0111\u1eb9p c\u1ee7a n\u1ed9i th\u1ea5t th\u1ec3 hi\u1ec7n b\u1eb1ng s\u1ef1 ti\u1ec7n \u00edch v\u00e0 hi\u1ec7n \u0111\u1ea1i c\u1ee7a c\u00e1c thi\u1ebft bi\u1ebft b\u1ecb trong ph\u00f2ng. V\u1ebb \u0111\u1eb9p c\u1ee7a ngo\u1ea1i th\u1ea5t kh\u00f4ng ch\u1ec9 th\u1ebf hi\u1ec7n \u1edf t\u00ednh th\u1ea9m m\u1ef9 m\u00e0 n\u00f3 c\u00f2n th\u1ec3 hi\u1ec7n qua s\u1ef1 ti\u1ec7n nghi v\u00e0 th\u00f4ng minh c\u1ee7a c\u0103n nh\u00e0.<\/p>\n<h3><span data-text-color=\"primary\">3.2 T\u00ednh s\u00e1ng t\u1ea1o<\/span><\/h3>\n<p>\u0110\u1ec3 c\u00f3 t\u00ednh th\u1ea9m m\u0129 t\u1ed1t th\u00ec kh\u00f4ng th\u1ec3 thi\u1ebfu t\u00ednh s\u00e1ng t\u1ea1o c\u1ee7a ng\u00f4i nh\u00e0. \u0110\u1ec3 c\u0103n nh\u00e0 c\u00f3 s\u1ef1 kh\u00e1c bi\u1ec7t v\u1edbi c\u00e1c ng\u00f4i nh\u00e0 th\u00f4ng d\u1ee5ng kh\u00e1c th\u00ec ki\u1ebfn tr\u00fac s\u01b0 ph\u1ea3i c\u00f3 t\u01b0 duy s\u00e1ng t\u1ea1o, c\u00f3 con m\u1eaft nh\u00ecn xa th\u1eddi \u0111\u1ea1i \u0111\u1ec3 l\u00e0m cho c\u0103n nh\u00e0 c\u00f3 1 m\u1ed9t phong c\u00e1ch ri\u00eang, c\u00f3 c\u00e1ch x\u1eafp s\u1ebfp b\u1ed1 tr\u00ed ri\u00eang.<\/p>\n<h3><span data-text-color=\"primary\">3.3 T\u00ednh b\u1ec1n v\u1eefng c\u1ea5u ki\u1ec7n v\u00e0 an to\u00e0n k\u1ebft c\u1ea5u<\/span><\/h3>\n<ul>\n<li>M\u1ed9t c\u0103n nh\u00e0 \u0111\u1eb9p v\u00e0 s\u00e1ng t\u1ea1o hay kh\u00f4ng l\u00e0 ch\u01b0a \u0111\u1ee7 m\u00e0 n\u00f3 c\u00f2n ph\u1ea3i \u0111\u1ea3m b\u1ea3o an to\u00e0n v\u1ec1 m\u1eb7t k\u1ebft c\u1ea5u n\u1eefa. Vi\u1ec7c s\u1eed d\u1ee5ng v\u1eadt li\u1ec7u nh\u01b0 xi m\u0103ng, c\u00e1t, \u0111\u00e1 \u0111\u1ea3m b\u1ea3o t\u1eeb nh\u1eefng ngu\u1ed3n cung c\u1ea5p uy t\u00edn c\u0169ng \u1ea3nh h\u01b0\u1edfng r\u1ea5t nhi\u1ec1u \u0111\u1ebfn vi\u1ec7c c\u1ea5u ki\u1ec7n c\u00f3 t\u1ed1t hay kh\u00f4ng c\u00f3 b\u00ean v\u1edbi th\u1eddi gian.<\/li>\n<\/ul>\n<p>Ngo\u00e0i ra k\u0129 s\u01b0 c\u00f2n ph\u1ea3i t\u00ednh to\u00e1n \u0111\u01b0\u1ee3c t\u1ea3i tr\u1ecdng c\u1ee7a c\u00f4ng tr\u00ecnh v\u00e0 ch\u1ecdn lo\u1ea1i k\u00edch th\u01b0\u1edbc k\u1ebft c\u1ea5u ph\u00f9 h\u1ee3p tr\u00e1nh l\u00e3ng ph\u00ed v\u1eadt li\u1ec7u m\u00e0 v\u1eabn ch\u1ecbu l\u1ef1c t\u1ed1t.<\/p>\n<ul>\n<li>Vi\u1ec7c t\u01b0 v\u1ea5n v\u00e0 thi\u1ebft k\u1ebf x\u00e2y d\u1ef1ng gi\u00fap ch\u1ee7 nh\u00e0 \u0111\u1ecbnh h\u01b0\u1edbng \u0111\u01b0\u1ee3c c\u00e1ch l\u00e0m vi\u1ec7c v\u00e0 ki\u1ec3m so\u00e1t ti\u1ebfn \u0111\u1ed9 thi c\u00f4ng ng\u00f4i nh\u00e0 m\u1ed9t c\u00e1ch ch\u00ednh x\u00e1c h\u01a1n.<\/li>\n<li>N\u1ebfu kh\u00f4ng ki\u1ec3m so\u00e1t \u0111\u01b0\u1ee3c t\u1ea5t c\u1ea3 c\u00e1c vi\u1ec7c n\u00e0y t\u1ed1t s\u1ebd d\u1eabn \u0111\u1ebfn nh\u1eefng \u1ea3nh h\u01b0\u1edfng kh\u00f4ng t\u1ed1t nh\u01b0 n\u1ee9t, nghi\u00eang, ch\u1eadm ti\u1ebfn \u0111\u1ed9 thi c\u00f4ng v\u00e0 s\u1ebd g\u00e2y ra c\u00e1c chi ph\u00ed ph\u00e1t sinh n\u00ean khi ch\u1ecdn \u0111\u1ed1i t\u00e1c th\u1ef1c hi\u1ec7n ph\u1ea3i l\u00e0 c\u00f4ng ty c\u00f3 \u0111\u1ed9i ng\u0169 chuy\u00ean nghi\u1ec7p v\u00e0 kinh nghi\u1ec7m l\u00e2u n\u0103m.<\/li>\n<\/ul>\n<p>Ngo\u00e0i ra c\u00f2n ph\u1ea3i ki\u1ebfm tra c\u00e1c c\u1ea5u ki\u1ebfn nh\u01b0 d\u1ea7m, s\u00e0n, c\u1ed9t, m\u00f3ng xem \u0111\u00e3 \u0111\u1ea1t chu\u1ea9n ch\u01b0a, tr\u00e1nh nh\u1eefng l\u1ed7i \u1ea3nh h\u01b0\u1edfng \u0111\u1ebfn c\u00f4ng tr\u00ecnh<\/p>\n<h3><span data-text-color=\"primary\">3.4 T\u01b0 v\u1ea5n v\u00e0 thi\u1ebft k\u1ebf m\u1ea1ng l\u01b0\u1edbi \u0111i\u1ec7n, n\u01b0\u1edbc<\/span><\/h3>\n<p>Ki\u1ebfn tr\u00fac s\u01b0 khi \u0111\u00e3 n\u1eafm h\u1ebft \u0111\u01b0\u1ee3c b\u1ed1 c\u1ee5c ng\u00f4i nh\u00e0 v\u00e0 v\u1ecb tr\u00ed c\u00e1c c\u1ea5u ki\u1ebfn s\u1ebd\u00a0<strong>t\u01b0 v\u1ea5n thi\u1ebft k\u1ebf x\u00e2y d\u1ef1ng<\/strong>\u00a0cho ch\u1ee7 nh\u00e0 v\u1ec1 m\u1ea1ng l\u01b0\u1edbi \u0111i\u1ec7n v\u00e0 n\u01b0\u1edbc, c\u00e1c thi\u1ebft b\u1ecb nh\u01b0 camera, ch\u1ed1ng s\u00e9t .. cho c\u0103n nh\u00e0 sao cho ph\u00f9 h\u1ee3p v\u1edbi nhu c\u1ea7u s\u1eed d\u1ee5ng c\u1ee7a thi\u1ebft b\u1ecb v\u00e0 con ng\u01b0\u1eddi.Ngo\u00e0i ra ki\u1ebfn tr\u00fac s\u01b0 c\u00f2n t\u01b0 v\u1ea5n cho ki\u1ebfn tr\u00fac s\u01b0 s\u1eed d\u1ee5ng v\u1eadt t\u01b0 ch\u00ednh h\u00e3ng v\u1ec1 \u0111i\u1ec7n n\u01b0\u1edbc cho kh\u00e1ch h\u00e0ng c\u00f3 th\u1ec3 l\u1ef1a ch\u1ecdn<\/p>\n<h2><span data-text-color=\"secondary\">4 T\u01b0 v\u1ea5n v\u00e0 thi\u1ebft k\u1ebf d\u1ef1 to\u00e1n v\u00e0 thi c\u00f4ng<\/span><\/h2>\n<p>Khi \u0111\u00e3 n\u1eafm \u0111\u01b0\u1ee3c s\u01a1 b\u1ed3 v\u1ec1 c\u00f4ng vi\u1ec7c xong th\u00ec ch\u1ee7 \u0111\u1ea7u t\u01b0 c\u0169ng \u0111\u00e3 n\u1eafm \u0111\u01b0\u1ee3c chi ph\u00ed m\u00e0 m\u00ecnh ph\u1ea3i b\u1ecf ra \u0111\u1ec3 thi c\u00f4ng c\u00f4ng tr\u00ecnh. B\u00e2y gi\u1edd l\u00e0m l\u00fac ki\u1ebfn tr\u00fac s\u01b0 l\u1eadp b\u1ea3ng d\u1ef1 to\u00e1n c\u1ee5 th\u1ec3 c\u00e1c chi ph\u00ed v\u1eebng t\u1eebng ph\u00e2n \u0111o\u1ea1n x\u00e2y d\u1ef1ng \u0111\u1ec3 ch\u1ee7 \u0111\u1ea7u t\u01b0 chu\u1ea9n b\u1ecb.<\/p>\n<h2><span data-text-color=\"secondary\">5 Ch\u1ecdn d\u1ecbch v\u1ee5 t\u01b0 v\u1ea5n v\u00e0 thi\u1ebft k\u1ebf x\u00e2y d\u1ef1ng c\u1ee7a c\u00f4ng ty n\u00e0o ph\u00f9 h\u1ee3p?<\/span><\/h2>\n<p>Khi m\u1ecdi ng\u01b0\u1eddi \u0111\u00e3 n\u1eafm b\u1eaft v\u00e0 hi\u1ec3u \u0111\u01b0\u1ee3c t\u1ea7m quan tr\u1ecdng c\u1ee7a vi\u1ec7c<strong>\u00a0t\u01b0 v\u1ea5n thi\u1ebft k\u1ebf x\u00e2y d\u1ef1ng,<\/strong>\u00a0th\u00ec vi\u1ec7c l\u1ef1a ch\u1ecdn c\u00f4ng ty \u0111\u1ec3 gi\u00fap b\u1ea1n l\u00e0m \u0111\u01b0\u1ee3c nh\u01b0ng \u0111i\u1ec1u tr\u00ean kh\u00f4ng ph\u1ea3i lo l\u1eafng n\u1eefa khi b\u1ea1n s\u1eed d\u1ee5ng d\u1ecbch v\u1ee5\u00a0<strong>t\u01b0 v\u1ea5n thi\u1ebft k\u1ebf x\u00e2y d\u1ef1ng<\/strong>\u00a0c\u1ee7a b\u00ean ch\u00fang t\u00f4i:<strong> Th\u1ecbnh Ph\u00e1t Land<\/strong>\u00a0ho\u00e0n to\u00e0n mi\u1ec5n ph\u00ed n\u00ean c\u00e1c b\u1ea1n kh\u00f4ng c\u1ea7n ph\u1ea3i suy ngh\u0129.<\/p>\n<p>Ch\u00fang t\u00f4i v\u1edbi \u0111\u1ed9i ng\u0169 ki\u1ebfn tr\u00fac s\u01b0 c\u00f3 kinh nghi\u1ec7m t\u1eeb 10-25 n\u0103m, t\u01b0 duy sang t\u1ea1o v\u00e0 k\u1ebft h\u1ee3p\u00a0 v\u1edbi \u0111\u1ed9i ng\u0169 c\u00e1n b\u1ed9 v\u00e0 c\u00f4ng nh\u00e2n chuy\u00ean nghi\u1ec7p s\u1ebd gi\u00fap b\u1ea1n nh\u1eefng \u0111i\u1ec1u sau<\/p>\n<ul>\n<li>T\u1ea1o t\u00ednh th\u1ea9m m\u1ef9 cho ng\u00f4i nh\u00e0 \u0111\u1eb9p, phong c\u00e1ch ri\u00eang.<\/li>\n<li>\u0110\u1ea3m b\u1ea3o an to\u00e0n v\u1ec1 m\u1eb7t c\u1ea5u ki\u1ebfn v\u00e0 ti\u1ebfn \u0111\u1ed9 thi c\u00f4ng.<\/li>\n<li>T\u00ednh to\u00e1n chi ph\u00ed t\u1ed1i \u01b0u cho c\u00e1c b\u1ea1n.<\/li>\n<li>\u0110\u01b0a ra nh\u1eefng chi ph\u00ed v\u1eeba \u0111\u1ee7 ,r\u1ebb h\u01a1n th\u1ecb tr\u01b0\u1eddng nh\u01b0ng v\u1eabn \u0111\u1ea3m b\u1ea3o ch\u1ea5t l\u01b0\u1ee3ng t\u1ed1t.<\/li>\n<li>T\u1ed1i \u01b0u c\u00f4ng n\u0103ng v\u00e0 di\u1ec7n t\u00edch s\u1eed d\u1ee5ng cho b\u1ea1n.<\/li>\n<li>Ngo\u00e0i ra c\u00f2n m\u1ed9t s\u1ed1 l\u1ee3i \u00edch kh\u00e1c \u2026<\/li>\n<\/ul>\n<figure id=\"attachment_243\" aria-describedby=\"caption-attachment-243\" style=\"width: 1100px\" class=\"wp-caption aligncenter\"><img loading=\"lazy\" decoding=\"async\" class=\"wp-image-243 size-full\" src=\"https:\/\/thinhphatland.vn\/wp-content\/uploads\/2024\/05\/thiet-ke-xay-dung-nha.jpg\" alt=\"\" width=\"1100\" height=\"732\" srcset=\"https:\/\/thinhphatland.vn\/wp-content\/uploads\/2024\/05\/thiet-ke-xay-dung-nha.jpg 1100w, https:\/\/thinhphatland.vn\/wp-content\/uploads\/2024\/05\/thiet-ke-xay-dung-nha-300x200.jpg 300w, https:\/\/thinhphatland.vn\/wp-content\/uploads\/2024\/05\/thiet-ke-xay-dung-nha-1024x681.jpg 1024w, https:\/\/thinhphatland.vn\/wp-content\/uploads\/2024\/05\/thiet-ke-xay-dung-nha-768x511.jpg 768w\" sizes=\"auto, (max-width: 1100px) 100vw, 1100px\" \/><figcaption id=\"caption-attachment-243\" class=\"wp-caption-text\">d\u1ecbch v\u1ee5 t\u01b0 v\u1ea5n v\u00e0 thi\u1ebft k\u1ebf x\u00e2y d\u1ef1ng c\u1ee7a Th\u1ecbnh Ph\u00e1t Land<\/figcaption><\/figure>\n<h2><span data-text-color=\"secondary\">6 L\u00fd do l\u1ef1a ch\u1ecdn x\u00e2y d\u1ef1ng nh\u00e0 m\u1edbi<\/span><\/h2>\n<p><strong>\u00a0<\/strong>L\u00e0 th\u01b0\u01a1ng hi\u1ec7u thi\u1ebft k\u1ebf, thi c\u00f4ng n\u1ed9i th\u1ea5t cho chung c\u01b0, bi\u1ec7t th\u1ef1, l\u00e2u \u0111\u00e0i h\u00e0ng \u0111\u1ea7u hi\u1ec7n t\u1ea1i, Ki\u1ebfn Tr\u00fac Nh\u00e0 M\u1edbi lu\u00f4n l\u00e0 s\u1ef1 l\u1ef1a ch\u1ecdn h\u00e0ng \u0111\u1ea7u kh\u00e1ch h\u00e0ng khi c\u00f3 nhu c\u1ea7u\u00a0<strong>t\u01b0 v\u1ea5n thi\u1ebft k\u1ebf x\u00e2y d\u1ef1ng<\/strong>\u00a0v\u00e0 thi c\u00f4ng n\u1ed9i th\u1ea5t.<\/p>\n<p>V\u1edbi kinh nghi\u1ec7m l\u00e2u n\u0103m Ki\u1ebfn Tr\u00fac Nh\u00e0 M\u1edbi hi\u1ec7n \u0111ang s\u1edf h\u1eefu h\u01a1n 1000 d\u1ef1 \u00e1n l\u1edbn nh\u1ecf tr\u1ea3i d\u00e0i t\u1eeb B\u1eafc v\u00e0o Nam.<\/p>\n<p>L\u1ef1a ch\u1ecdn Ki\u1ebfn Tr\u00fac Nh\u00e0 M\u1edbi, qu\u00fd kh\u00e1ch h\u00e0ng s\u1ebd nh\u1eadn \u0111\u01b0\u1ee3c nhi\u1ec1u l\u1ee3i \u00edch m\u00e0 kh\u00f4ng ph\u1ea3i \u0111\u1ecba ch\u1ec9 n\u00e0o c\u0169ng c\u00f3 th\u1ec3 mang l\u1ea1i. Ch\u00fang t\u00f4i lu\u00f4n cam k\u1ebft mang \u0111\u1ebfn l\u1ee3i \u00edch t\u1ed1t nh\u1ea5t cho c\u00e1c kh\u00e1ch h\u00e0ng s\u1eed d\u1ee5ng d\u1ecbch v\u1ee5:<\/p>\n<ul>\n<li>Cam k\u1ebft ch\u1ea5t l\u01b0\u1ee3ng trong t\u1eebng s\u1ea3n ph\u1ea9m, t\u1eebng c\u00f4ng tr\u00ecnh, t\u1ec9 m\u1ec9, c\u1ea9n th\u1eadn, chuy\u00ean nghi\u1ec7p t\u1eeb kh\u00e2u thi\u1ebft k\u1ebf \u0111\u1ebfn thi c\u00f4ng.<\/li>\n<li>Cam k\u1ebft \u0111\u1ea3m b\u1ea3o b\u00e0n giao s\u1ea3n ph\u1ea9m thi\u1ebft k\u1ebf, thi c\u00f4ng theo \u0111\u00fang th\u1eddi h\u1ea1n \u0111\u00e3 cam k\u1ebft v\u1edbi kh\u00e1ch h\u00e0ng.<\/li>\n<li>Cam k\u1ebft s\u1eed d\u1ee5ng 100% v\u1eadt t\u01b0 ch\u00ednh h\u00e3ng, hi\u1ec7n \u0111\u1ea1i, c\u00f3 ngu\u1ed3n g\u1ed1c, xu\u1ea5t x\u1ee9 r\u00f5 r\u00e0ng.<\/li>\n<li>Cam k\u1ebft t\u01b0 v\u1ea5n thi\u1ebft k\u1ebf chi ti\u1ebft, d\u1ef1ng 3D, l\u1eadp d\u1ef1 to\u00e1n cho kh\u00e1ch h\u00e0ng duy\u1ec7t v\u00e0 ch\u1ec9nh s\u1eeda tr\u01b0\u1edbc khi thi c\u00f4ng.<\/li>\n<li>Cam k\u1ebft h\u1ed7 tr\u1ee3 kh\u00e1ch h\u00e0ng b\u1ea5t k\u1ef3 khi n\u00e0o kh\u00e1ch h\u00e0ng c\u1ea7n, t\u01b0 v\u1ea5n n\u1ed9i th\u1ea5t sao cho ph\u00f9 h\u1ee3p nh\u1ea5t v\u1edbi t\u1eebng kh\u00f4ng gian.<\/li>\n<li>Cam k\u1ebft ho\u00e0n ph\u00ed 100% n\u1ebfu kh\u00f4ng h\u00e0i l\u00f2ng v\u1ec1 ch\u1ea5t l\u01b0\u1ee3ng d\u1ecbch v\u1ee5 c\u1ee7a Ki\u1ebfn Tr\u00fac Nh\u00e0 M\u1edbi.<\/li>\n<li>Cam k\u1ebft t\u1ed1i \u01b0u chi ph\u00ed xu\u1ed1ng m\u1ee9c th\u1ea5p nh\u1ea5t m\u00e0 v\u1eabn \u0111\u1ea3m b\u1ea3o \u0111\u01b0\u1ee3c ch\u1ea5t l\u01b0\u1ee3ng c\u00f4ng tr\u00ecnh v\u00e0 kh\u00f4ng gian s\u1ed1ng ti\u1ec7n nghi cho kh\u00e1ch h\u00e0ng.<\/li>\n<li>Cam k\u1ebft b\u1ea3o h\u00e0nh d\u1ecbch v\u1ee5, b\u1ea3o h\u00e0nh, b\u1ea3o tr\u00ec theo \u0111\u00fang h\u1ee3p \u0111\u1ed3ng v\u1edbi kh\u00e1ch h\u00e0ng.<\/li>\n<\/ul>\n\n","protected":false},"excerpt":{"rendered":"","protected":false},"author":1,"featured_media":0,"parent":58,"menu_order":0,"comment_status":"closed","ping_status":"closed","template":"","meta":{"footnotes":""},"class_list":["post-206","page","type-page","status-publish","hentry"],"_links":{"self":[{"href":"https:\/\/thinhphatland.vn\/index.php\/wp-json\/wp\/v2\/pages\/206","targetHints":{"allow":["GET"]}}],"collection":[{"href":"https:\/\/thinhphatland.vn\/index.php\/wp-json\/wp\/v2\/pages"}],"about":[{"href":"https:\/\/thinhphatland.vn\/index.php\/wp-json\/wp\/v2\/types\/page"}],"author":[{"embeddable":true,"href":"https:\/\/thinhphatland.vn\/index.php\/wp-json\/wp\/v2\/users\/1"}],"replies":[{"embeddable":true,"href":"https:\/\/thinhphatland.vn\/index.php\/wp-json\/wp\/v2\/comments?post=206"}],"version-history":[{"count":3,"href":"https:\/\/thinhphatland.vn\/index.php\/wp-json\/wp\/v2\/pages\/206\/revisions"}],"predecessor-version":[{"id":246,"href":"https:\/\/thinhphatland.vn\/index.php\/wp-json\/wp\/v2\/pages\/206\/revisions\/246"}],"up":[{"embeddable":true,"href":"https:\/\/thinhphatland.vn\/index.php\/wp-json\/wp\/v2\/pages\/58"}],"wp:attachment":[{"href":"https:\/\/thinhphatland.vn\/index.php\/wp-json\/wp\/v2\/media?parent=206"}],"curies":[{"name":"wp","href":"https:\/\/api.w.org\/{rel}","templated":true}]}}