{"id":21,"date":"2024-05-11T03:34:02","date_gmt":"2024-05-11T03:34:02","guid":{"rendered":"https:\/\/thinhphatland.vn\/?page_id=21"},"modified":"2024-08-12T16:26:13","modified_gmt":"2024-08-12T16:26:13","slug":"du-an","status":"publish","type":"page","link":"https:\/\/thinhphatland.vn\/index.php\/du-an\/","title":{"rendered":"D\u1ef1 \u00c1n"},"content":{"rendered":"\n<div class=\"slider-wrapper relative\" id=\"slider-1000017491\" >\n    <div class=\"slider slider-nav-circle slider-nav-large slider-nav-light slider-style-normal\"\n        data-flickity-options='{\n            \"cellAlign\": \"center\",\n            \"imagesLoaded\": true,\n            \"lazyLoad\": 1,\n            \"freeScroll\": false,\n            \"wrapAround\": true,\n            \"autoPlay\": 6000,\n            \"pauseAutoPlayOnHover\" : true,\n            \"prevNextButtons\": true,\n            \"contain\" : true,\n            \"adaptiveHeight\" : true,\n            \"dragThreshold\" : 10,\n            \"percentPosition\": true,\n            \"pageDots\": true,\n            \"rightToLeft\": false,\n            \"draggable\": true,\n            \"selectedAttraction\": 0.1,\n            \"parallax\" : 0,\n            \"friction\": 0.6        }'\n        >\n        \n\n\n  <div class=\"banner has-hover\" id=\"banner-181605486\">\n          <div class=\"banner-inner fill\">\n        <div class=\"banner-bg fill\" >\n            <div class=\"bg fill bg-fill \"><\/div>\n                                    \n                    <\/div>\n\t\t\n        <div class=\"banner-layers container\">\n            <div class=\"fill banner-link\"><\/div>            \n\n   <div id=\"text-box-1386809940\" class=\"text-box banner-layer x50 md-x50 lg-x50 y50 md-y50 lg-y50 res-text\">\n                                <div class=\"text-box-content text dark\">\n              \n              <div class=\"text-inner text-center\">\n                  \n\n\n              <\/div>\n           <\/div>\n                            \n<style>\n#text-box-1386809940 {\n  width: 60%;\n}\n#text-box-1386809940 .text-box-content {\n  font-size: 100%;\n}\n@media (min-width:550px) {\n  #text-box-1386809940 {\n    width: 60%;\n  }\n}\n<\/style>\n    <\/div>\n \n\n        <\/div>\n      <\/div>\n\n              <div class=\"height-fix is-invisible\"><img loading=\"lazy\" decoding=\"async\" width=\"1920\" height=\"1080\" src=\"https:\/\/thinhphatland.vn\/wp-content\/uploads\/2024\/05\/banner-3.png\" class=\"attachment-original size-original\" alt=\"\" srcset=\"https:\/\/thinhphatland.vn\/wp-content\/uploads\/2024\/05\/banner-3.png 1920w, https:\/\/thinhphatland.vn\/wp-content\/uploads\/2024\/05\/banner-3-300x169.png 300w, https:\/\/thinhphatland.vn\/wp-content\/uploads\/2024\/05\/banner-3-1024x576.png 1024w, https:\/\/thinhphatland.vn\/wp-content\/uploads\/2024\/05\/banner-3-768x432.png 768w, https:\/\/thinhphatland.vn\/wp-content\/uploads\/2024\/05\/banner-3-1536x864.png 1536w\" sizes=\"auto, (max-width: 1920px) 100vw, 1920px\" \/><\/div>\n            \n<style>\n#banner-181605486 .bg.bg-loaded {\n  background-image: url(https:\/\/thinhphatland.vn\/wp-content\/uploads\/2024\/05\/banner-3.png);\n}\n#banner-181605486 .bg {\n  background-position: 62% 60%;\n}\n<\/style>\n  <\/div>\n\n\n\n     <\/div>\n\n     <div class=\"loading-spin dark large centered\"><\/div>\n\n\t<\/div>\n\n\n\t<section class=\"section\" id=\"section_1280427440\">\n\t\t<div class=\"bg section-bg fill bg-fill  \" >\n\n\t\t\t\n\t\t\t<div class=\"section-bg-overlay absolute fill\"><\/div>\n\t\t\t\n\n\t\t<\/div>\n\n\t\t\n\n\t\t<div class=\"section-content relative\">\n\t\t\t\n\n<div class=\"row row-large align-middle\"  id=\"row-1151118093\">\n\n\n\t<div id=\"col-1069107627\" class=\"col medium-6 small-12 large-6\"  >\n\t\t\t\t<div class=\"col-inner\"  >\n\t\t\t\n\t\t\t\n\n\t<div class=\"img has-hover x md-x lg-x y md-y lg-y\" id=\"image_1829970076\">\n\t\t\t\t\t\t\t\t<div class=\"img-inner image-zoom-fade dark\" >\n\t\t\t<img loading=\"lazy\" decoding=\"async\" width=\"1020\" height=\"1020\" src=\"https:\/\/thinhphatland.vn\/wp-content\/uploads\/2024\/05\/z5421031025597_b7dc16d9754699fb222be153895c4cba-1024x1024.jpg\" class=\"attachment-large size-large\" alt=\"\" srcset=\"https:\/\/thinhphatland.vn\/wp-content\/uploads\/2024\/05\/z5421031025597_b7dc16d9754699fb222be153895c4cba-1024x1024.jpg 1024w, https:\/\/thinhphatland.vn\/wp-content\/uploads\/2024\/05\/z5421031025597_b7dc16d9754699fb222be153895c4cba-300x300.jpg 300w, https:\/\/thinhphatland.vn\/wp-content\/uploads\/2024\/05\/z5421031025597_b7dc16d9754699fb222be153895c4cba-150x150.jpg 150w, https:\/\/thinhphatland.vn\/wp-content\/uploads\/2024\/05\/z5421031025597_b7dc16d9754699fb222be153895c4cba-768x768.jpg 768w, https:\/\/thinhphatland.vn\/wp-content\/uploads\/2024\/05\/z5421031025597_b7dc16d9754699fb222be153895c4cba-1536x1536.jpg 1536w, https:\/\/thinhphatland.vn\/wp-content\/uploads\/2024\/05\/z5421031025597_b7dc16d9754699fb222be153895c4cba.jpg 1600w\" sizes=\"auto, (max-width: 1020px) 100vw, 1020px\" \/>\t\t\t\t\t\t\n\t\t\t\t\t<\/div>\n\t\t\t\t\t\t\t\t\n<style>\n#image_1829970076 {\n  width: 100%;\n}\n<\/style>\n\t<\/div>\n\t\n\n\n\t\t<\/div>\n\t\t\t\t\t<\/div>\n\n\t\n\n\t<div id=\"col-785183260\" class=\"col medium-6 small-12 large-6\"  >\n\t\t\t\t<div class=\"col-inner text-left\"  >\n\t\t\t\n\t\t\t\n\n\t<div id=\"text-1673208017\" class=\"text\">\n\t\t\n\n<h2 style=\"text-align: left;\"><span data-text-color=\"secondary\"><strong>L\u00c0NG T\u00c2N S\u01a0N GARDEN<\/strong><\/span><\/h2>\n<p>L\u00e0ng T\u00e2n S\u01a1n Garden Di Linh khu \u0110\u1ea5t n\u1ec1n k\u1ebft h\u1ee3p kinh doanh ngh\u0129 d\u01b0\u1ee1ng s\u00e2n m\u00e2y ph\u00f9 h\u1ee3p \u0111\u1ea7u t\u01b0 kinh doanh ph\u00e1t tri\u1ec3n du l\u1ecbch tr\u1ea3i nghi\u1ec7m ngh\u1ec9 ng\u01a1i sau nh\u1eefng ng\u00e0y l\u00e0m vi\u1ec7c d\u00e0i m\u1ec7t m\u1ecfi ho\u1eb7c \u0111\u1ec3 \u1edf sau n\u00e0y v\u1edbi thi\u00ean nhi\u00ean m\u00e1t m\u1ebb y\u00ean t\u0129nh .<\/p>\n\t\t\n<style>\n#text-1673208017 {\n  text-align: left;\n  color: rgb(255,255,255);\n}\n#text-1673208017 > * {\n  color: rgb(255,255,255);\n}\n<\/style>\n\t<\/div>\n\t\n<a class=\"button primary\"  >\n    <span>XEM CHI TI\u1ebeT<\/span>\n  <i class=\"icon-angle-right\" aria-hidden=\"true\" ><\/i><\/a>\n\n\n\n\t\t<\/div>\n\t\t\t\t\t<\/div>\n\n\t\n\n<\/div>\n\n\t\t<\/div>\n\n\t\t\n<style>\n#section_1280427440 {\n  padding-top: 60px;\n  padding-bottom: 60px;\n}\n#section_1280427440 .section-bg-overlay {\n  background-color: rgba(50, 122, 88, 0.7);\n}\n#section_1280427440 .section-bg.bg-loaded {\n  background-image: url(https:\/\/thinhphatland.vn\/wp-content\/uploads\/2024\/05\/z5421031025597_b7dc16d9754699fb222be153895c4cba.jpg);\n}\n<\/style>\n\t<\/section>\n\t\n\n","protected":false},"excerpt":{"rendered":"","protected":false},"author":1,"featured_media":0,"parent":0,"menu_order":0,"comment_status":"closed","ping_status":"closed","template":"page-blank.php","meta":{"footnotes":""},"class_list":["post-21","page","type-page","status-publish","hentry"],"_links":{"self":[{"href":"https:\/\/thinhphatland.vn\/index.php\/wp-json\/wp\/v2\/pages\/21","targetHints":{"allow":["GET"]}}],"collection":[{"href":"https:\/\/thinhphatland.vn\/index.php\/wp-json\/wp\/v2\/pages"}],"about":[{"href":"https:\/\/thinhphatland.vn\/index.php\/wp-json\/wp\/v2\/types\/page"}],"author":[{"embeddable":true,"href":"https:\/\/thinhphatland.vn\/index.php\/wp-json\/wp\/v2\/users\/1"}],"replies":[{"embeddable":true,"href":"https:\/\/thinhphatland.vn\/index.php\/wp-json\/wp\/v2\/comments?post=21"}],"version-history":[{"count":6,"href":"https:\/\/thinhphatland.vn\/index.php\/wp-json\/wp\/v2\/pages\/21\/revisions"}],"predecessor-version":[{"id":303,"href":"https:\/\/thinhphatland.vn\/index.php\/wp-json\/wp\/v2\/pages\/21\/revisions\/303"}],"wp:attachment":[{"href":"https:\/\/thinhphatland.vn\/index.php\/wp-json\/wp\/v2\/media?parent=21"}],"curies":[{"name":"wp","href":"https:\/\/api.w.org\/{rel}","templated":true}]}}