{"id":24,"date":"2024-05-11T03:34:27","date_gmt":"2024-05-11T03:34:27","guid":{"rendered":"https:\/\/thinhphatland.vn\/?page_id=24"},"modified":"2024-05-21T04:40:52","modified_gmt":"2024-05-21T04:40:52","slug":"gioi-thieu","status":"publish","type":"page","link":"https:\/\/thinhphatland.vn\/index.php\/gioi-thieu\/","title":{"rendered":"Gi\u1edbi Thi\u1ec7u"},"content":{"rendered":"\n\t<div id=\"text-1516658385\" class=\"text\">\n\t\t\n\n<h2 style=\"text-align: center;\"><span data-text-color=\"primary\">T\u1ed4NG QUAN V\u1ec0 TH\u1ecaNH PH\u00c1T LAND<\/span><\/h2>\n<p><span data-text-color=\"primary\"><strong>Th\u1ecbnh Ph\u00e1t Land<\/strong><\/span> \u0111\u01b0\u1ee3c kh\u1edfi d\u1ef1ng t\u1eeb kh\u00e1t v\u1ecdng v\u1ec1 m\u1ed9t c\u00f4ng ty c\u1ed5 ph\u1ea7n \u0111a n\u0103ng, chuy\u00ean nghi\u1ec7p, v\u1edbi m\u1ee5c ti\u00eau kh\u1eb3ng \u0111\u1ecbnh v\u1ecb th\u1ebf v\u00e0 th\u01b0\u01a1ng hi\u1ec7u tr\u00ean th\u1ecb tr\u01b0\u1eddng b\u1ea5t \u0111\u1ed9ng s\u1ea3n \u1edf khu v\u1ef1c L\u00e2m \u0111\u1ed3ng n\u00f3i chung v\u00e0 ph\u00eda \u00a0Nam Trung B\u1ed9 n\u00f3i ri\u00eang.<\/p>\n<p>V\u1edbi ngu\u1ed3n t\u00e0i ch\u00ednh v\u1eefng ch\u1eafc, h\u01b0\u1edbng qu\u1ea3n tr\u1ecb ph\u00f9 h\u1ee3p, c\u00f9ng \u0111\u1ed9i ng\u0169 nh\u00e2n vi\u00ean chuy\u00ean nghi\u1ec7p, <span data-text-color=\"primary\"><strong>Th\u1ecbnh Ph\u00e1t Land<\/strong><\/span> \u0111ang d\u1ea7n ph\u00e1t tri\u1ec3n \u0111\u01b0\u1ee3c kh\u1eb3ng \u0111\u1ecbnh v\u1ecb th\u1ebf trong t\u01b0\u01a1ng lai v\u00e0 vai tr\u00f2 c\u1ee7a m\u00ecnh \u0111\u1ed1i v\u1edbi kinh t\u1ebf \u2013 x\u00e3 h\u1ed9i khu v\u1ef1c, \u0111\u1ed3ng th\u1eddi th\u1ec3 hi\u1ec7n \u0111\u01b0\u1ee3c \u0111\u1eb3ng c\u1ea5p th\u01b0\u01a1ng hi\u1ec7u tr\u00ean th\u1ecb tr\u01b0\u1eddng. Ngo\u00e0i l\u0129nh v\u1ef1c ch\u1ee7 l\u1ef1c l\u00e0 kinh doanh b\u1ea5t \u0111\u1ed9ng s\u1ea3n, <span data-text-color=\"primary\"><strong>Th\u1ecbnh Ph\u00e1t Land<\/strong><\/span> c\u00f2n ho\u1ea1t \u0111\u1ed9ng \u1edf nhi\u1ec1u m\u1ea3ng nh\u01b0: D\u1ecbch v\u1ee5 t\u01b0 v\u1ea5n thi\u1ebft k\u1ebf v\u00e0 x\u00e2y d\u1ef1ng, cung c\u1ea5p ti\u1ec7n \u00edch n\u1ed9i, ngo\u1ea1i th\u1ea5t v\u00e0 x\u00e2y d\u1ef1ng ho\u00e0n c\u00f4ng tr\u1ecdn g\u00f3i, ph\u00e1t ti\u1ec3n d\u1ecbch v\u1ee5 du l\u1ecbch ,\u2026vv..v<\/p>\n<p>L\u00e0 m\u1ed9t trong nh\u1eefng c\u00f4ng ty c\u1ed5 ph\u1ea7n b\u1ea5t \u0111\u1ed9ng s\u1ea3n Khu v\u1ef1c L\u00e2m \u0111\u1ed3ng ti\u00ean phong ph\u00e1t tri\u1ec3n theo h\u01b0\u1edbng ki\u1ebfn t\u1ea1o ch\u1ea5t l\u01b0\u1ee3ng s\u1ed1ng ho\u00e0n h\u1ea3o cho c\u1ed9ng \u0111\u1ed3ng.<\/p>\n<p>Trong chi\u1ebfn l\u01b0\u1ee3c ho\u1ea1ch \u0111\u1ecbnh t\u01b0\u01a1ng lai,\u00a0<span data-text-color=\"primary\"><strong>Th\u1ecbnh Ph\u00e1t Land<\/strong><\/span>\u00a0h\u01b0\u1edbng t\u1edbi thi\u1ebft l\u1eadp m\u1ed9t c\u00f4ng ty \u0111a n\u0103ng, \u0111a ng\u00e0nh, t\u1eebng b\u01b0\u1edbc hi\u1ec7n th\u1ef1c h\u00f3a c\u00e1c m\u1ee5c ti\u00eau kinh t\u1ebf \u2013 t\u00e0i ch\u00ednh, m\u1edf r\u1ed9ng ph\u1ea1m vi kinh doanh, x\u00e2y d\u1ef1ng t\u1eadp \u0111o\u00e0n c\u00f3 s\u1ee9c c\u1ea1nh tranh cao tr\u00ean th\u1ecb tr\u01b0\u1eddng. \u0110\u1ed3ng th\u1eddi, m\u1edf r\u1ed9ng quan h\u1ec7 \u0111\u1ed1i t\u00e1c kinh doanh v\u00ec l\u1ee3i \u00edch song ph\u01b0\u01a1ng, kh\u00f4ng ng\u1eebng gia t\u0103ng gi\u00e1 tr\u1ecb cho c\u00e1c c\u00f4ng ty th\u00e0nh vi\u00ean, c\u00e1c \u0111\u01a1n v\u1ecb tr\u1ef1c thu\u1ed9c h\u1ec7 th\u1ed1ng <span data-text-color=\"primary\"><strong>Th\u1ecbnh Ph\u00e1t Land<\/strong><\/span>, k\u1ebft h\u1ee3p h\u00e0i h\u00f2a gi\u1eefa l\u1ee3i \u00edch c\u00f4ng ty v\u00e0 l\u1ee3i \u00edch chung c\u1ee7a c\u1ed9ng \u0111\u1ed3ng. Ch\u00fang t\u00f4i t\u1ef1 h\u00e0o l\u00e0 m\u1ed9t trong nh\u1eefng \u0111\u01a1n v\u1ecb \u0111\u00f3ng g\u00f3p v\u00e0o c\u00f4ng cu\u1ed9c x\u00e2y d\u1ef1ng v\u00e0 ph\u00e1t tri\u1ec3n m\u1ed9t x\u00e3 h\u1ed9i th\u1ecbnh v\u01b0\u1ee3ng, m\u1ed9t c\u1ed9ng \u0111\u1ed3ng nh\u00e2n v\u0103n.<\/p>\n<p>M\u1eb7c d\u00f9 c\u00f2n nhi\u1ec1u kh\u00f3 kh\u0103n v\u00e0 th\u1eed th\u00e1ch \u1edf ph\u00eda tr\u01b0\u1edbc nh\u01b0ng ch\u00fang t\u00f4i tin r\u1eb1ng v\u1edbi c\u00e1i t\u00e2m c\u1ee7a ng\u01b0\u1eddi l\u00e0m ngh\u1ec1, s\u1ef1 uy t\u00edn trong kinh doanh v\u00e0 t\u00ednh \u0111\u1ea1o \u0111\u1ee9c ngh\u1ec1 nghi\u1ec7p, ch\u00fang t\u00f4i s\u1ebd lu\u00f4n l\u00e0 \u0111\u1ed1i t\u00e1c chi\u1ebfn l\u01b0\u1ee3c c\u1ee7a nhi\u1ec1u \u0111\u01a1n v\u1ecb v\u00e0 l\u00e0 \u0111i\u1ec3m \u0111\u1ebfn tin c\u1eady c\u1ee7a \u0111\u00f4ng \u0111\u1ea3o kh\u00e1ch h\u00e0ng.<\/p>\n<p>Qua c\u1ed5ng th\u00f4ng tin n\u00e0y, thay m\u1eb7t to\u00e0n th\u1ec3 c\u00e1n b\u1ed9 nh\u00e2n vi\u00ean <span data-text-color=\"primary\"><strong>C\u00f4ng Ty<\/strong> <strong>Th\u1ecbnh Ph\u00e1t Land<\/strong><\/span>, t\u00f4i tr\u00e2n tr\u1ecdng g\u1eedi l\u1eddi c\u1ea3m \u01a1n v\u00e0 tri \u00e2n s\u00e2u s\u1eafc \u0111\u1ebfn qu\u00fd kh\u00e1ch h\u00e0ng, c\u00e1c c\u1ed9ng s\u1ef1, \u0111\u1ed1i t\u00e1c, v\u00e0 c\u00e1c \u0111\u01a1n v\u1ecb th\u00e0nh vi\u00ean \u0111\u00e3 cho <span data-text-color=\"primary\"><strong>Th\u1ecbnh Ph\u00e1t Land<\/strong><\/span> c\u01a1 h\u1ed9i ra \u0111\u1eddi, t\u1ed3n t\u1ea1i v\u00e0 v\u01b0\u1ee3t qua th\u00e1ch th\u1ee9c. <span data-text-color=\"primary\"><strong>Th\u1ecbnh Ph\u00e1t Land<\/strong><\/span> mong mu\u1ed1n qu\u00fd kh\u00e1ch h\u00e0ng v\u00e0 \u0111\u1ed1i t\u00e1c s\u1ebd ti\u1ebfp t\u1ee5c t\u00edn nhi\u1ec7m, \u0111\u1ed3ng h\u00e0nh c\u00f9ng th\u01b0\u01a1ng hi\u1ec7u v\u00e0 \u1ee7ng h\u1ed9 c\u00e1c s\u1ea3n ph\u1ea9m ti\u1ebfp theo c\u1ee7a ch\u00fang t\u00f4i.<\/p>\n<p>Tr\u00e2n tr\u1ecdng!<\/p>\n\t\t\n<style>\n#text-1516658385 {\n  color: rgb(0,0,0);\n}\n#text-1516658385 > * {\n  color: rgb(0,0,0);\n}\n<\/style>\n\t<\/div>\n\t\n\t<div class=\"img has-hover x md-x lg-x y md-y lg-y\" id=\"image_1344117734\">\n\t\t\t\t\t\t\t\t<div class=\"img-inner dark\" >\n\t\t\t<img loading=\"lazy\" decoding=\"async\" width=\"1280\" height=\"3000\" src=\"https:\/\/thinhphatland.vn\/wp-content\/uploads\/2024\/05\/info_graphic.png\" class=\"attachment-original size-original\" alt=\"\" srcset=\"https:\/\/thinhphatland.vn\/wp-content\/uploads\/2024\/05\/info_graphic.png 1280w, https:\/\/thinhphatland.vn\/wp-content\/uploads\/2024\/05\/info_graphic-128x300.png 128w, https:\/\/thinhphatland.vn\/wp-content\/uploads\/2024\/05\/info_graphic-437x1024.png 437w, https:\/\/thinhphatland.vn\/wp-content\/uploads\/2024\/05\/info_graphic-768x1800.png 768w, https:\/\/thinhphatland.vn\/wp-content\/uploads\/2024\/05\/info_graphic-655x1536.png 655w, https:\/\/thinhphatland.vn\/wp-content\/uploads\/2024\/05\/info_graphic-874x2048.png 874w\" sizes=\"auto, (max-width: 1280px) 100vw, 1280px\" \/>\t\t\t\t\t\t\n\t\t\t\t\t<\/div>\n\t\t\t\t\t\t\t\t\n<style>\n#image_1344117734 {\n  width: 100%;\n}\n<\/style>\n\t<\/div>\n\t\n\n\n","protected":false},"excerpt":{"rendered":"","protected":false},"author":1,"featured_media":0,"parent":0,"menu_order":0,"comment_status":"closed","ping_status":"closed","template":"","meta":{"footnotes":""},"class_list":["post-24","page","type-page","status-publish","hentry"],"_links":{"self":[{"href":"https:\/\/thinhphatland.vn\/index.php\/wp-json\/wp\/v2\/pages\/24","targetHints":{"allow":["GET"]}}],"collection":[{"href":"https:\/\/thinhphatland.vn\/index.php\/wp-json\/wp\/v2\/pages"}],"about":[{"href":"https:\/\/thinhphatland.vn\/index.php\/wp-json\/wp\/v2\/types\/page"}],"author":[{"embeddable":true,"href":"https:\/\/thinhphatland.vn\/index.php\/wp-json\/wp\/v2\/users\/1"}],"replies":[{"embeddable":true,"href":"https:\/\/thinhphatland.vn\/index.php\/wp-json\/wp\/v2\/comments?post=24"}],"version-history":[{"count":7,"href":"https:\/\/thinhphatland.vn\/index.php\/wp-json\/wp\/v2\/pages\/24\/revisions"}],"predecessor-version":[{"id":241,"href":"https:\/\/thinhphatland.vn\/index.php\/wp-json\/wp\/v2\/pages\/24\/revisions\/241"}],"wp:attachment":[{"href":"https:\/\/thinhphatland.vn\/index.php\/wp-json\/wp\/v2\/media?parent=24"}],"curies":[{"name":"wp","href":"https:\/\/api.w.org\/{rel}","templated":true}]}}