{"id":29,"date":"2024-05-11T03:34:56","date_gmt":"2024-05-11T03:34:56","guid":{"rendered":"https:\/\/thinhphatland.vn\/?page_id=29"},"modified":"2024-08-12T16:30:38","modified_gmt":"2024-08-12T16:30:38","slug":"lien-he","status":"publish","type":"page","link":"https:\/\/thinhphatland.vn\/index.php\/lien-he\/","title":{"rendered":"Li\u00ean H\u1ec7"},"content":{"rendered":"\n<h2 style=\"text-align: center;\"><span data-text-color=\"primary\">Li\u00ean h\u1ec7 v\u1edbi Th\u1ecbnh Ph\u00e1t Land<\/span><\/h2>\n<div class=\"text-center\"><div class=\"is-divider divider clearfix\" style=\"max-width:60px;background-color:rgb(191, 34, 46);\"><\/div><\/div>\n\n\t<section class=\"section bg_lienhe\" id=\"section_794753901\">\n\t\t<div class=\"bg section-bg fill bg-fill  \" >\n\n\t\t\t\n\t\t\t\n\t\t\t\n\n\t\t<\/div>\n\n\t\t\n\n\t\t<div class=\"section-content relative\">\n\t\t\t\n\n<div class=\"row row-collapse row-full-width\"  id=\"row-1317607352\">\n\n\n\t<div id=\"col-583122706\" class=\"col medium-5 small-12 large-5\"  >\n\t\t\t\t<div class=\"col-inner\" style=\"background-color:rgba(191, 34, 46, 0.355);\" >\n\t\t\t\n\t\t\t\n\n\t<div id=\"text-3709802945\" class=\"text\">\n\t\t\n\n<h2><span data-text-color=\"primary\"><strong>C\u00f4ng Ty Th\u1ecbnh Ph\u00e1t Land<\/strong><\/span><\/h2>\n<p><strong>\u00a0\u0110\u1ecba ch\u1ec9 V\u0103n Ph\u00f2ng: <\/strong>S\u1ed1 287A Th\u00f4n 8, X\u00e3 Li\u00ean \u0110\u1ea7m, Huy\u1ec7n Di Linh, T\u1ec9nh L\u00e2m \u0110\u1ed3ng<\/p>\n<p><strong>\u00a0M\u00e3 s\u1ed1 thu\u1ebf:<\/strong> 5801516902<\/p>\n<p><strong>\u00a0\u0110i\u1ec7n tho\u1ea1i: <\/strong>0866.235.735<\/p>\n<p><strong>Email:\u00a0<\/strong>thinhphatland@gmail.com<\/p>\n\t\t\n<style>\n#text-3709802945 {\n  color: rgb(255,255,255);\n}\n#text-3709802945 > * {\n  color: rgb(255,255,255);\n}\n<\/style>\n\t<\/div>\n\t\n\n\t\t<\/div>\n\t\t\t\t\t<\/div>\n\n\t\n\n\t<div id=\"col-1388920050\" class=\"col medium-7 small-12 large-7\"  >\n\t\t\t\t<div class=\"col-inner\"  >\n\t\t\t\n\t\t\t\n\n\n\n<iframe src=\"https:\/\/www.google.com\/maps\/embed?pb=!1m17!1m12!1m3!1d3908.795702222732!2d107.99618247505356!3d11.566498488634423!2m3!1f0!2f0!3f0!3m2!1i1024!2i768!4f13.1!3m2!1m1!2zMTHCsDMzJzU5LjQiTiAxMDfCsDU5JzU1LjUiRQ!5e0!3m2!1svi!2s!4v1716261408863!5m2!1svi!2s\" width=\"600\" height=\"450\" style=\"border:0;\" allowfullscreen=\"\" loading=\"lazy\" referrerpolicy=\"no-referrer-when-downgrade\"><\/iframe>\n\n\n\t\t<\/div>\n\t\t\t\t\t<\/div>\n\n\t\n\n<\/div>\n\n\t\t<\/div>\n\n\t\t\n<style>\n#section_794753901 {\n  padding-top: 30px;\n  padding-bottom: 30px;\n}\n#section_794753901 .section-bg.bg-loaded {\n  background-image: url(https:\/\/thinhphatland.vn\/wp-content\/uploads\/2024\/05\/bg.jpg);\n}\n#section_794753901 .section-bg {\n  background-position: 54% 58%;\n}\n<\/style>\n\t<\/section>\n\t\n\n","protected":false},"excerpt":{"rendered":"","protected":false},"author":1,"featured_media":0,"parent":0,"menu_order":0,"comment_status":"closed","ping_status":"closed","template":"","meta":{"footnotes":""},"class_list":["post-29","page","type-page","status-publish","hentry"],"_links":{"self":[{"href":"https:\/\/thinhphatland.vn\/index.php\/wp-json\/wp\/v2\/pages\/29","targetHints":{"allow":["GET"]}}],"collection":[{"href":"https:\/\/thinhphatland.vn\/index.php\/wp-json\/wp\/v2\/pages"}],"about":[{"href":"https:\/\/thinhphatland.vn\/index.php\/wp-json\/wp\/v2\/types\/page"}],"author":[{"embeddable":true,"href":"https:\/\/thinhphatland.vn\/index.php\/wp-json\/wp\/v2\/users\/1"}],"replies":[{"embeddable":true,"href":"https:\/\/thinhphatland.vn\/index.php\/wp-json\/wp\/v2\/comments?post=29"}],"version-history":[{"count":5,"href":"https:\/\/thinhphatland.vn\/index.php\/wp-json\/wp\/v2\/pages\/29\/revisions"}],"predecessor-version":[{"id":306,"href":"https:\/\/thinhphatland.vn\/index.php\/wp-json\/wp\/v2\/pages\/29\/revisions\/306"}],"wp:attachment":[{"href":"https:\/\/thinhphatland.vn\/index.php\/wp-json\/wp\/v2\/media?parent=29"}],"curies":[{"name":"wp","href":"https:\/\/api.w.org\/{rel}","templated":true}]}}