{"id":61,"date":"2024-05-11T07:19:54","date_gmt":"2024-05-11T07:19:54","guid":{"rendered":"https:\/\/thinhphatland.vn\/?page_id=61"},"modified":"2024-05-21T03:26:06","modified_gmt":"2024-05-21T03:26:06","slug":"tu-van-phap-ly","status":"publish","type":"page","link":"https:\/\/thinhphatland.vn\/index.php\/dich-vu\/tu-van-phap-ly\/","title":{"rendered":"T\u01b0 V\u1ea5n Ph\u00e1p L\u00fd"},"content":{"rendered":"\n\t<div id=\"text-1100022461\" class=\"text\">\n\t\t\n\n<h2 style=\"text-align: center;\"><span data-text-color=\"secondary\">T\u01af V\u1ea4N PH\u00c1P L\u00dd B\u1ea4T \u0110\u1ed8NG S\u1ea2N<\/span><\/h2>\n<p>T\u01b0 v\u1ea5n c\u00e1c v\u1ea5n \u0111\u1ec1 ph\u00e1p l\u00fd li\u00ean quan \u0111\u1ebfn b\u1ea5t \u0111\u1ed9ng s\u1ea3n l\u00e0 m\u1ed9t trong nh\u1eefng th\u1ebf m\u1ea1nh n\u1ed5i tr\u1ed9i c\u1ee7a TH\u1ecaNH PH\u00c1T LAND. Lu\u1eadt s\u01b0 c\u1ee7a ch\u00fang t\u00f4i t\u01b0 v\u1ea5n, h\u1ed7 tr\u1ee3 kh\u00e1ch h\u00e0ng trong vi\u1ec7c x\u00e2y d\u1ef1ng ph\u01b0\u01a1ng \u00e1n \u0111\u1ea7u t\u01b0, xin ph\u00ea duy\u1ec7t d\u1ef1 \u00e1n v\u00e0 tri\u1ec3n khai c\u00e1c giao d\u1ecbch b\u00e1n, cho thu\u00ea b\u1ea5t \u0111\u1ed9ng s\u1ea3n, c\u1ee5 th\u1ec3:<\/p>\n<h3><span data-text-color=\"secondary\">T\u01b0 v\u1ea5n tri\u1ec3n khai d\u1ef1 \u00e1n \u0111\u1ea7u t\u01b0 kinh doanh b\u1ea5t \u0111\u1ed9ng s\u1ea3n:<\/span><\/h3>\n<p>\u2013 \u0110\u00e1nh gi\u00e1 t\u00ednh ph\u00e1p l\u00fd d\u1ef1 \u00e1n b\u1ea5t \u0111\u1ed9ng s\u1ea3n: Tr\u00ean c\u01a1 s\u1edf nh\u1eefng ki\u1ebfn th\u1ee9c v\u00e0 kinh nghi\u1ec7m m\u00e0 lu\u1eadt s\u01b0 c\u1ee7a TH\u1ecaNH PH\u00c1T LAND \u0111\u00e3 t\u00edch l\u0169y, k\u1ebft h\u1ee3p v\u1edbi s\u1ef1 tham v\u1ea5n \u00fd ki\u1ebfn t\u1eeb c\u00e1c C\u01a1 quan ch\u1ee9c n\u0103ng c\u00f3 li\u00ean quan, TH\u1ecaNH PH\u00c1T LAND cung c\u1ea5p \u00fd ki\u1ebfn ph\u00e1p l\u00fd nh\u1eb1m h\u1ed7 tr\u1ee3 kh\u00e1ch h\u00e0ng l\u1ef1a ch\u1ecdn gi\u1ea3i ph\u00e1p, m\u00f4 h\u00ecnh th\u1ef1c hi\u1ec7n d\u1ef1 \u00e1n \u0111\u1ea7u t\u01b0, kinh doanh b\u1ea5t \u0111\u1ed9ng s\u1ea3n;<\/p>\n<p>\u2013 H\u1ed7 tr\u1ee3 kh\u00e1ch h\u00e0ng trong c\u00e1c th\u1ee7 t\u1ee5c h\u00e0nh ch\u00ednh c\u00f3 li\u00ean quan \u0111\u1ec3 \u0111\u1ea1t \u0111\u01b0\u1ee3c c\u00e1c ph\u00ea chu\u1ea9n\/ch\u1ea5p thu\u1eadn c\u1ea7n thi\u1ebft \u0111\u1ec3 tri\u1ec3n khai d\u1ef1 \u00e1n b\u1ea5t \u0111\u1ed3ng s\u1ea3n (ch\u1ea5p thu\u1eadn ch\u1ee7 tr\u01b0\u01a1ng \u0111\u1ea7u t\u01b0, ph\u00ea duy\u1ec7t ph\u01b0\u01a1ng \u00e1n quy ho\u1ea1ch, ki\u1ebfn tr\u00fac, ph\u00ea duy\u1ec7t ph\u01b0\u01a1ng \u00e1n \u0111\u1ec1n b\u00f9, gi\u1ea3i ph\u00f3ng m\u1eb7t b\u1eb1ng, quy\u1ebft \u0111\u1ecbnh giao \u0111\u1ea5t\u2026);<\/p>\n<p>\u2013 H\u1ed7 tr\u1ee3 kh\u00e1ch h\u00e0ng \u0111\u00e0m ph\u00e1n, k\u00fd k\u1ebft c\u00e1c h\u1ee3p \u0111\u1ed3ng \u0111\u1ea7u t\u01b0, x\u00e2y d\u1ef1ng nh\u1eb1m tri\u1ec3n khai d\u1ef1 \u00e1n;<\/p>\n<p>\u2013 H\u1ed7 tr\u1ee3 kh\u00e1ch h\u00e0ng l\u00e0 ch\u1ee7 \u0111\u1ea7u t\u01b0 c\u00e1c d\u1ef1 \u00e1n b\u1ea5t \u0111\u1ed9ng s\u1ea3n trong c\u00e1c giao d\u1ecbch mua b\u00e1n, cho thu\u00ea b\u1ea5t \u0111\u1ed9ng s\u1ea3n\u2026<\/p>\n<h3><span data-text-color=\"secondary\">T\u01b0 v\u1ea5n th\u1ef1c hi\u1ec7n giao d\u1ecbch b\u1ea5t \u0111\u1ed9ng s\u1ea3n:<\/span><\/h3>\n<p>\u2013 \u0110\u00e1nh gi\u00e1 h\u1ed3 s\u01a1 ph\u00e1p l\u00fd c\u1ee7a b\u1ea5t \u0111\u1ed9ng s\u1ea3n, t\u01b0 v\u1ea5n cho kh\u00e1ch h\u00e0ng ph\u01b0\u01a1ng \u00e1n th\u1ef1c hi\u1ec7n giao d\u1ecbch mua b\u00e1n, chuy\u1ec3n nh\u01b0\u1ee3ng (ph\u01b0\u01a1ng \u00e1n \u0111\u1eb7t c\u1ecdc, ti\u1ebfn \u0111\u1ed9 thanh to\u00e1n, c\u00e1c \u0111i\u1ec1u ki\u1ec7n th\u1ef1c hi\u1ec7n giao d\u1ecbch\u2026) nh\u1eb1m \u0111\u1ea3m b\u1ea3o t\u1ed1i \u0111a quy\u1ec1n l\u1ee3i c\u1ee7a kh\u00e1ch h\u00e0ng;<\/p>\n<p>\u2013 H\u1ed7 tr\u1ee3 \u0111\u00e0m ph\u00e1n, th\u01b0\u01a1ng l\u01b0\u1ee3ng v\u00e0 so\u1ea1n th\u1ea3o h\u1ee3p \u0111\u1ed3ng chuy\u1ec3n nh\u01b0\u1ee3ng b\u1ea5t \u0111\u1ed9ng s\u1ea3n;<\/p>\n<p>\u2013 \u0110\u1ea1i di\u1ec7n kh\u00e1ch h\u00e0ng th\u1ef1c hi\u1ec7n c\u00e1c th\u1ee7 t\u1ee5c \u0111\u0103ng k\u00fd sang t\u00ean, chuy\u1ec3n nh\u01b0\u1ee3ng quy\u1ec1n s\u1eed d\u1ee5ng \u0111\u1ea5t v\u00e0 t\u00e0i s\u1ea3n g\u1eafn li\u1ec1n v\u1edbi \u0111\u1ea5t.<\/p>\n<h3><span data-text-color=\"secondary\">Th\u1ebf ch\u1ea5p b\u1ea5t \u0111\u1ed9ng s\u1ea3n:<\/span><\/h3>\n<p>T\u01b0 v\u1ea5n c\u00e1c v\u1ea5n \u0111\u1ec1 li\u00ean quan \u0111\u1ebfn th\u1ebf ch\u1ea5p b\u1ea5t \u0111\u1ed9ng s\u1ea3n, gi\u1ea3i ch\u1ea5p, th\u1ef1c hi\u1ec7n c\u00e1c giao d\u1ecbch trong th\u1eddi gian th\u1ebf ch\u1ea5p\u2026<\/p>\n<p>\u00a0<\/p>\n\t\t\n<style>\n#text-1100022461 {\n  text-align: left;\n  color: rgb(0,0,0);\n}\n#text-1100022461 > * {\n  color: rgb(0,0,0);\n}\n<\/style>\n\t<\/div>\n\t\n\n","protected":false},"excerpt":{"rendered":"","protected":false},"author":1,"featured_media":0,"parent":55,"menu_order":0,"comment_status":"closed","ping_status":"closed","template":"","meta":{"footnotes":""},"class_list":["post-61","page","type-page","status-publish","hentry"],"_links":{"self":[{"href":"https:\/\/thinhphatland.vn\/index.php\/wp-json\/wp\/v2\/pages\/61","targetHints":{"allow":["GET"]}}],"collection":[{"href":"https:\/\/thinhphatland.vn\/index.php\/wp-json\/wp\/v2\/pages"}],"about":[{"href":"https:\/\/thinhphatland.vn\/index.php\/wp-json\/wp\/v2\/types\/page"}],"author":[{"embeddable":true,"href":"https:\/\/thinhphatland.vn\/index.php\/wp-json\/wp\/v2\/users\/1"}],"replies":[{"embeddable":true,"href":"https:\/\/thinhphatland.vn\/index.php\/wp-json\/wp\/v2\/comments?post=61"}],"version-history":[{"count":5,"href":"https:\/\/thinhphatland.vn\/index.php\/wp-json\/wp\/v2\/pages\/61\/revisions"}],"predecessor-version":[{"id":226,"href":"https:\/\/thinhphatland.vn\/index.php\/wp-json\/wp\/v2\/pages\/61\/revisions\/226"}],"up":[{"embeddable":true,"href":"https:\/\/thinhphatland.vn\/index.php\/wp-json\/wp\/v2\/pages\/55"}],"wp:attachment":[{"href":"https:\/\/thinhphatland.vn\/index.php\/wp-json\/wp\/v2\/media?parent=61"}],"curies":[{"name":"wp","href":"https:\/\/api.w.org\/{rel}","templated":true}]}}